{"id":15799,"date":"2014-09-04T08:53:02","date_gmt":"2014-09-04T07:53:02","guid":{"rendered":"http:\/\/agriselect.info\/cat-litte-wood-pellets-2\/"},"modified":"2014-10-28T15:47:55","modified_gmt":"2014-10-28T14:47:55","slug":"cat-litte-wood-pellets","status":"publish","type":"page","link":"https:\/\/agriselect.info\/de\/cat-litte-wood-pellets\/","title":{"rendered":"Wood Pellets"},"content":{"rendered":"<div class=\"wpb-content-wrapper\"><p>[vc_row row_type=&#8220;row&#8220; type=&#8220;full_width&#8220; text_align=&#8220;left&#8220; background_color=&#8220;#b5e671&#8243;][vc_column width=&#8220;1\/1&#8243;][vc_separator type=&#8220;normal&#8220; position=&#8220;center&#8220; color=&#8220;#b5e671&#8243; thickness=&#8220;8pt&#8220;][\/vc_column][\/vc_row][vc_row row_type=&#8220;row&#8220; type=&#8220;grid&#8220; text_align=&#8220;left&#8220; padding_top=&#8220;50&#8243; padding_bottom=&#8220;50&#8243; in_content_menu=&#8220;in_content_menu&#8220; background_color=&#8220;#ffffff&#8220;][vc_column width=&#8220;1\/3&#8243;][vc_row_inner row_type=&#8220;row&#8220; type=&#8220;full_width&#8220; text_align=&#8220;right&#8220;][vc_column_inner width=&#8220;1\/1&#8243; el_class=&#8220;fotogroen&#8220;][vc_single_image image=&#8220;15243&#8243; img_link_target=&#8220;_self&#8220; img_size=&#8220;full&#8220; alignment=&#8220;center&#8220; border_color=&#8220;grey&#8220;][\/vc_column_inner][\/vc_row_inner][\/vc_column][vc_column width=&#8220;2\/3&#8243; el_class=&#8220;groenvlak&#8220;][vc_separator type=&#8220;transparent&#8220; position=&#8220;center&#8220; up=&#8220;0&#8243;][vc_column_text el_class=&#8220;koptekst&#8220;]<\/p>\n<div style=\"background-color: #ffffff; padding: 25px; color: #8ec63f; font-size: 35px;\">Agriselect Cat Litter Woodpellets<\/div>\n<p>[\/vc_column_text][vc_column_text]<\/p>\n<div style=\"background-color: #8ec63f; padding: 25px 25px 25px 25px; color: #ffffff;\">Agriselect Cat Litter Woodpellets eignen sich ideal als Katzenstreu f\u00fcr Ihre Katzentoilette. Diese Holzpellets bestehen aus 100% zu runden Pellets gepresstem Kiefernholz, was Ihnen eine hohe Feuchtigkeitsaufnahme garantiert. Deshalb halten diese Pellets l\u00e4nger als alternative Produkte. Diese Holzpellets verhindern unangenehme Ger\u00fcche und verstr\u00f6men einen angenehmen Baumduft. Kurz gesagt, Ihre Katze f\u00fchlt sich in Agriselect Cat Litter Woodpellets zu Hause.<\/div>\n<div style=\"background-color: #8ec63f; padding: 25px 25px 25px 25px; color: #ffffff;\"><b>Nachhaltigkeit<\/b><br \/>\nAgriselect Cat Litter Woodpellets werden in den USA speziell f\u00fcr diesen Zweck angebaut und verarbeitet. Dieser nachhaltige Wald und die Fabrik sind FSC, PFEC und GGL zertifiziert, was Ihnen und Ihrer Katze ein feines und sicheres Gef\u00fchl vermittelt.<\/div>\n<p>[\/vc_column_text][\/vc_column][\/vc_row][vc_row row_type=&#8220;row&#8220; type=&#8220;grid&#8220; text_align=&#8220;left&#8220; padding_top=&#8220;46&#8243; padding_bottom=&#8220;49&#8243; background_color=&#8220;#f4f4f4&#8243;][vc_column width=&#8220;1\/1&#8243;]<div class='qode_carousels_holder clearfix'><div class='qode_carousels' data-number-of-visible-items=''><ul class='slides'><li class='item'><div class=\"carousel_item_holder\"><a itemprop='url' href='http:\/\/basic-white' target='_self'><span class='first_image_holder has_hover_image'><img decoding=\"async\" itemprop=\"image\" src=\"\/wp-content\/uploads\/2014\/09\/inzetjes-basic10.png\" alt=\"carousel image\" title=\"Wood 10 paper bag\"><\/span><span class='second_image_holder has_hover_image'><img decoding=\"async\" itemprop=\"image\" src=\"\/wp-content\/uploads\/2014\/09\/inzetjes-basic10.png\" alt=\"carousel image\" title=\"Wood 10 paper bag\"><\/span><\/a><\/div><\/li><li class='item'><div class=\"carousel_item_holder\"><a itemprop='url' href='http:\/\/maxi-white' target='_self'><span class='first_image_holder has_hover_image'><img decoding=\"async\" itemprop=\"image\" src=\"\/wp-content\/uploads\/2014\/09\/inzetjes-max10.png\" alt=\"carousel image\" title=\"Wood 10 paper bag\"><\/span><span class='second_image_holder has_hover_image'><img decoding=\"async\" itemprop=\"image\" src=\"\/wp-content\/uploads\/2014\/09\/inzetjes-max10.png\" alt=\"carousel image\" title=\"Wood 10 paper bag\"><\/span><\/a><\/div><\/li><li class='item'><div class=\"carousel_item_holder\"><a itemprop='url' href='http:\/\/ultra-white' target='_self'><span class='first_image_holder has_hover_image'><img decoding=\"async\" itemprop=\"image\" src=\"\/wp-content\/uploads\/2014\/09\/inzetjes-ultra10.png\" alt=\"carousel image\" title=\"Wood 10 paper bag\"><\/span><span class='second_image_holder has_hover_image'><img decoding=\"async\" itemprop=\"image\" src=\"\/wp-content\/uploads\/2014\/09\/inzetjes-ultra10.png\" alt=\"carousel image\" title=\"Wood 10 paper bag\"><\/span><\/a><\/div><\/li><li class='item'><div class=\"carousel_item_holder\"><a itemprop='url' href='http:\/\/cat-litte-wood-pellets' target='_self'><span class='first_image_holder has_hover_image'><img decoding=\"async\" itemprop=\"image\" src=\"\/wp-content\/uploads\/2014\/09\/inzetjes-wood10.png\" alt=\"carousel image\" title=\"Wood 10 paper bag\"><\/span><span class='second_image_holder has_hover_image'><img decoding=\"async\" itemprop=\"image\" src=\"\/wp-content\/uploads\/2014\/09\/inzetjes-wood10.png\" alt=\"carousel image\" title=\"Wood 10 paper bag\"><\/span><\/a><\/div><\/li><li class='item'><div class=\"carousel_item_holder\"><a itemprop='url' href='http:\/\/basic-white' target='_self'><span class='first_image_holder has_hover_image'><img decoding=\"async\" itemprop=\"image\" src=\"\/wp-content\/uploads\/2014\/09\/inzetjes-basic20.png\" alt=\"carousel image\" title=\"Wood 10 paper bag\"><\/span><span class='second_image_holder has_hover_image'><img decoding=\"async\" itemprop=\"image\" src=\"\/wp-content\/uploads\/2014\/09\/inzetjes-basic20.png\" alt=\"carousel image\" title=\"Wood 10 paper bag\"><\/span><\/a><\/div><\/li><li class='item'><div class=\"carousel_item_holder\"><a itemprop='url' href='http:\/\/maxi-white' target='_self'><span class='first_image_holder has_hover_image'><img decoding=\"async\" itemprop=\"image\" src=\"\/wp-content\/uploads\/2014\/09\/inzetjes-max20.png\" alt=\"carousel image\" title=\"Wood 10 paper bag\"><\/span><span class='second_image_holder has_hover_image'><img decoding=\"async\" itemprop=\"image\" src=\"\/wp-content\/uploads\/2014\/09\/inzetjes-max20.png\" alt=\"carousel image\" title=\"Wood 10 paper bag\"><\/span><\/a><\/div><\/li><li class='item'><div class=\"carousel_item_holder\"><a itemprop='url' href='http:\/\/ultra-white' target='_self'><span class='first_image_holder has_hover_image'><img decoding=\"async\" itemprop=\"image\" src=\"\/wp-content\/uploads\/2014\/09\/inzetjes-ultra20.png\" alt=\"carousel image\" title=\"Wood 10 paper bag\"><\/span><span class='second_image_holder has_hover_image'><img decoding=\"async\" itemprop=\"image\" src=\"\/wp-content\/uploads\/2014\/09\/inzetjes-ultra20.png\" alt=\"carousel image\" title=\"Wood 10 paper bag\"><\/span><\/a><\/div><\/li><li class='item'><div class=\"carousel_item_holder\"><a itemprop='url' href='http:\/\/wood-pellets' target='_self'><span class='first_image_holder has_hover_image'><img decoding=\"async\" itemprop=\"image\" src=\"https:\/\/agriselect.info\/wp-content\/uploads\/2018\/08\/Virgin-Wood-Carousel-2.png\" alt=\"carousel image\" title=\"Wood 10 paper bag\"><\/span><span class='second_image_holder has_hover_image'><img decoding=\"async\" itemprop=\"image\" src=\"https:\/\/agriselect.info\/wp-content\/uploads\/2018\/08\/Virgin-Wood-Carousel-2.png\" alt=\"carousel image\" title=\"Wood 10 paper bag\"><\/span><\/a><\/div><\/li><li class='item'><div class=\"carousel_item_holder\"><a itemprop='url' href='http:\/\/luxe-konijnenvoer' target='_self'><span class='first_image_holder has_hover_image'><img decoding=\"async\" itemprop=\"image\" src=\"\/wp-content\/uploads\/2014\/09\/inzetjes-konijnenvoer.png\" alt=\"carousel image\" title=\"Wood 10 paper bag\"><\/span><span class='second_image_holder has_hover_image'><img decoding=\"async\" itemprop=\"image\" src=\"\/wp-content\/uploads\/2014\/09\/inzetjes-konijnenvoer.png\" alt=\"carousel image\" title=\"Wood 10 paper bag\"><\/span><\/a><\/div><\/li><li class='item'><div class=\"carousel_item_holder\"><a itemprop='url' href='http:\/\/weidehooi' target='_self'><span class='first_image_holder has_hover_image'><img decoding=\"async\" itemprop=\"image\" src=\"\/wp-content\/uploads\/2014\/09\/inzetjes-weidehooi1kg.png\" alt=\"carousel image\" title=\"Wood 10 paper bag\"><\/span><span class='second_image_holder has_hover_image'><img decoding=\"async\" itemprop=\"image\" src=\"\/wp-content\/uploads\/2014\/09\/inzetjes-weidehooi1kg.png\" alt=\"carousel image\" title=\"Wood 10 paper bag\"><\/span><\/a><\/div><\/li><li class='item'><div class=\"carousel_item_holder\"><a itemprop='url' href='http:\/\/weidehooi' target='_self'><span class='first_image_holder has_hover_image'><img decoding=\"async\" itemprop=\"image\" src=\"\/wp-content\/uploads\/2014\/09\/inzetjes-weidehooi2-5kg.png\" alt=\"carousel image\" title=\"Wood 10 paper bag\"><\/span><span class='second_image_holder has_hover_image'><img decoding=\"async\" itemprop=\"image\" src=\"\/wp-content\/uploads\/2014\/09\/inzetjes-weidehooi2-5kg.png\" alt=\"carousel image\" title=\"Wood 10 paper bag\"><\/span><\/a><\/div><\/li><li class='item'><div class=\"carousel_item_holder\"><a itemprop='url' href='http:\/\/stro' target='_self'><span class='first_image_holder has_hover_image'><img decoding=\"async\" itemprop=\"image\" src=\"\/wp-content\/uploads\/2014\/09\/inzetjes-stro1.png\" alt=\"carousel image\" title=\"Wood 10 paper bag\"><\/span><span class='second_image_holder has_hover_image'><img decoding=\"async\" itemprop=\"image\" src=\"\/wp-content\/uploads\/2014\/09\/inzetjes-stro1.png\" alt=\"carousel image\" title=\"Wood 10 paper bag\"><\/span><\/a><\/div><\/li><li class='item'><div class=\"carousel_item_holder\"><a itemprop='url' href='http:\/\/stro' target='_self'><span class='first_image_holder has_hover_image'><img decoding=\"async\" itemprop=\"image\" src=\"\/wp-content\/uploads\/2014\/09\/inzetjes-stro2-5.png\" alt=\"carousel image\" title=\"Wood 10 paper bag\"><\/span><span class='second_image_holder has_hover_image'><img decoding=\"async\" itemprop=\"image\" src=\"\/wp-content\/uploads\/2014\/09\/inzetjes-stro2-5.png\" alt=\"carousel image\" title=\"Wood 10 paper bag\"><\/span><\/a><\/div><\/li><li class='item'><div class=\"carousel_item_holder\"><a itemprop='url' href='http:\/\/houtvezel' target='_self'><span class='first_image_holder has_hover_image'><img decoding=\"async\" itemprop=\"image\" src=\"\/wp-content\/uploads\/2014\/09\/inzetjes-houtvezel.png\" alt=\"carousel image\" title=\"Wood 10 paper bag\"><\/span><span class='second_image_holder has_hover_image'><img decoding=\"async\" itemprop=\"image\" src=\"\/wp-content\/uploads\/2014\/09\/inzetjes-houtvezel.png\" alt=\"carousel image\" title=\"Wood 10 paper bag\"><\/span><\/a><\/div><\/li><li class='item'><div class=\"carousel_item_holder\"><a itemprop='url' href='http:\/\/schelpenzand' target='_self'><span class='first_image_holder has_hover_image'><img decoding=\"async\" itemprop=\"image\" src=\"https:\/\/agriselect.info\/wp-content\/uploads\/2021\/11\/8718836050480_A1N1-4.png\" alt=\"carousel image\" title=\"Wood 10 paper bag\"><\/span><span class='second_image_holder has_hover_image'><img decoding=\"async\" itemprop=\"image\" src=\"https:\/\/agriselect.info\/wp-content\/uploads\/2021\/11\/8718836050480_A1N1-4.png\" alt=\"carousel image\" title=\"Wood 10 paper bag\"><\/span><\/a><\/div><\/li><li class='item'><div class=\"carousel_item_holder\"><a itemprop='url' href='http:\/\/agriselect.info\/ultra-grey\/' target='_self'><span class='first_image_holder has_hover_image'><img decoding=\"async\" itemprop=\"image\" src=\"\/wp-content\/uploads\/2014\/12\/10lultragrey.png\" alt=\"carousel image\" title=\"Wood 10 paper bag\"><\/span><span class='second_image_holder has_hover_image'><img decoding=\"async\" itemprop=\"image\" src=\"\/wp-content\/uploads\/2014\/12\/10lultragrey.png\" alt=\"carousel image\" title=\"Wood 10 paper bag\"><\/span><\/a><\/div><\/li><li class='item'><div class=\"carousel_item_holder\"><a itemprop='url' href='http:\/\/agriselect.info\/max-grey\/' target='_self'><span class='first_image_holder has_hover_image'><img decoding=\"async\" itemprop=\"image\" src=\"\/wp-content\/uploads\/2014\/12\/10lmaxgrey.png\" alt=\"carousel image\" title=\"Wood 10 paper bag\"><\/span><span class='second_image_holder has_hover_image'><img decoding=\"async\" itemprop=\"image\" src=\"\/wp-content\/uploads\/2014\/12\/10lmaxgrey.png\" alt=\"carousel image\" title=\"Wood 10 paper bag\"><\/span><\/a><\/div><\/li><li class='item'><div class=\"carousel_item_holder\"><a itemprop='url' href='http:\/\/agriselect.info\/basic-grey\/' target='_self'><span class='first_image_holder has_hover_image'><img decoding=\"async\" itemprop=\"image\" src=\"\/wp-content\/uploads\/2014\/12\/10lbasicgrey.png\" alt=\"carousel image\" title=\"Wood 10 paper bag\"><\/span><span class='second_image_holder has_hover_image'><img decoding=\"async\" itemprop=\"image\" src=\"\/wp-content\/uploads\/2014\/12\/10lbasicgrey.png\" alt=\"carousel image\" title=\"Wood 10 paper bag\"><\/span><\/a><\/div><\/li><li class='item'><div class=\"carousel_item_holder\"><a itemprop='url' href='http:\/\/agriselect.info\/white-supreme\/' target='_self'><span class='first_image_holder has_hover_image'><img decoding=\"async\" itemprop=\"image\" src=\"\/wp-content\/uploads\/2014\/12\/10lwhitesupreme.png\" alt=\"carousel image\" title=\"Wood 10 paper bag\"><\/span><span class='second_image_holder has_hover_image'><img decoding=\"async\" itemprop=\"image\" src=\"\/wp-content\/uploads\/2014\/12\/10lwhitesupreme.png\" alt=\"carousel image\" title=\"Wood 10 paper bag\"><\/span><\/a><\/div><\/li><li class='item'><div class=\"carousel_item_holder\"><a itemprop='url' href='http:\/\/agriselect.info\/ultra-grey\/' target='_self'><span class='first_image_holder has_hover_image'><img decoding=\"async\" itemprop=\"image\" src=\"\/wp-content\/uploads\/2014\/12\/20lultragrey.png\" alt=\"carousel image\" title=\"Wood 10 paper bag\"><\/span><span class='second_image_holder has_hover_image'><img decoding=\"async\" itemprop=\"image\" src=\"\/wp-content\/uploads\/2014\/12\/20lultragrey.png\" alt=\"carousel image\" title=\"Wood 10 paper bag\"><\/span><\/a><\/div><\/li><li class='item'><div class=\"carousel_item_holder\"><a itemprop='url' href='http:\/\/agriselect.info\/white-supreme\/' target='_self'><span class='first_image_holder has_hover_image'><img decoding=\"async\" itemprop=\"image\" src=\"\/wp-content\/uploads\/2014\/12\/20lwhitesupreme.png\" alt=\"carousel image\" title=\"Wood 10 paper bag\"><\/span><span class='second_image_holder has_hover_image'><img decoding=\"async\" itemprop=\"image\" src=\"\/wp-content\/uploads\/2014\/12\/20lwhitesupreme.png\" alt=\"carousel image\" title=\"Wood 10 paper bag\"><\/span><\/a><\/div><\/li><li class='item'><div class=\"carousel_item_holder\"><a itemprop='url' href='http:\/\/agriselect.info\/basic-grey\/' target='_self'><span class='first_image_holder has_hover_image'><img decoding=\"async\" itemprop=\"image\" src=\"\/wp-content\/uploads\/2014\/12\/20lbasicgrey.png\" alt=\"carousel image\" title=\"Wood 10 paper bag\"><\/span><span class='second_image_holder has_hover_image'><img decoding=\"async\" itemprop=\"image\" src=\"\/wp-content\/uploads\/2014\/12\/20lbasicgrey.png\" alt=\"carousel image\" title=\"Wood 10 paper bag\"><\/span><\/a><\/div><\/li><li class='item'><div class=\"carousel_item_holder\"><a itemprop='url' href='http:\/\/agriselect.info\/max-grey\/' target='_self'><span class='first_image_holder has_hover_image'><img decoding=\"async\" itemprop=\"image\" src=\"\/wp-content\/uploads\/2014\/12\/20lmaxgrey.png\" alt=\"carousel image\" title=\"Wood 10 paper bag\"><\/span><span class='second_image_holder has_hover_image'><img decoding=\"async\" itemprop=\"image\" src=\"\/wp-content\/uploads\/2014\/12\/20lmaxgrey.png\" alt=\"carousel image\" title=\"Wood 10 paper bag\"><\/span><\/a><\/div><\/li><li class='item'><div class=\"carousel_item_holder\"><a itemprop='url' href='http:\/\/wood-pellets' target='_self'><span class='first_image_holder has_hover_image'><img decoding=\"async\" itemprop=\"image\" src=\"https:\/\/agriselect.info\/wp-content\/uploads\/2018\/08\/Mixed-Wood-Carousel-2.png\" alt=\"carousel image\" title=\"Wood 10 paper bag\"><\/span><span class='second_image_holder has_hover_image'><img decoding=\"async\" itemprop=\"image\" src=\"https:\/\/agriselect.info\/wp-content\/uploads\/2018\/08\/Mixed-Wood-Carousel-2.png\" alt=\"carousel image\" title=\"Wood 10 paper bag\"><\/span><\/a><\/div><\/li><li class='item'><div class=\"carousel_item_holder\"><a itemprop='url' href='http:\/\/wood-pellets' target='_self'><span class='first_image_holder has_hover_image'><img decoding=\"async\" itemprop=\"image\" src=\"https:\/\/agriselect.info\/wp-content\/uploads\/2021\/04\/Woodpellets-10kg-Transparant-klein-3.png\" alt=\"carousel image\" title=\"Wood 10 paper bag\"><\/span><span class='second_image_holder has_hover_image'><img decoding=\"async\" itemprop=\"image\" src=\"https:\/\/agriselect.info\/wp-content\/uploads\/2021\/04\/Woodpellets-10kg-Transparant-klein-3.png\" alt=\"carousel image\" title=\"Wood 10 paper bag\"><\/span><\/a><\/div><\/li><\/ul><\/div><\/div>[\/vc_column][\/vc_row]<\/p>\n<\/div>","protected":false},"excerpt":{"rendered":"<p>[vc_row row_type=&#8220;row&#8220; type=&#8220;full_width&#8220; text_align=&#8220;left&#8220; background_color=&#8220;#b5e671&#8243;][vc_column width=&#8220;1\/1&#8243;][vc_separator type=&#8220;normal&#8220; position=&#8220;center&#8220; color=&#8220;#b5e671&#8243; thickness=&#8220;8pt&#8220;][\/vc_column][\/vc_row][vc_row row_type=&#8220;row&#8220; type=&#8220;grid&#8220; text_align=&#8220;left&#8220; padding_top=&#8220;50&#8243; padding_bottom=&#8220;50&#8243; in_content_menu=&#8220;in_content_menu&#8220; background_color=&#8220;#ffffff&#8220;][vc_column width=&#8220;1\/3&#8243;][vc_row_inner row_type=&#8220;row&#8220; type=&#8220;full_width&#8220; text_align=&#8220;right&#8220;][vc_column_inner width=&#8220;1\/1&#8243; el_class=&#8220;fotogroen&#8220;][vc_single_image image=&#8220;15243&#8243; img_link_target=&#8220;_self&#8220; img_size=&#8220;full&#8220; alignment=&#8220;center&#8220; border_color=&#8220;grey&#8220;][\/vc_column_inner][\/vc_row_inner][\/vc_column][vc_column width=&#8220;2\/3&#8243; el_class=&#8220;groenvlak&#8220;][vc_separator type=&#8220;transparent&#8220; position=&#8220;center&#8220; up=&#8220;0&#8243;][vc_column_text el_class=&#8220;koptekst&#8220;] Agriselect Cat Litter Woodpellets [\/vc_column_text][vc_column_text] Agriselect Cat Litter Woodpellets eignen sich&#8230;<\/p>\n","protected":false},"author":3,"featured_media":0,"parent":0,"menu_order":0,"comment_status":"open","ping_status":"closed","template":"full_width.php","meta":{"footnotes":""},"class_list":["post-15799","page","type-page","status-publish","hentry"],"_links":{"self":[{"href":"https:\/\/agriselect.info\/de\/wp-json\/wp\/v2\/pages\/15799","targetHints":{"allow":["GET"]}}],"collection":[{"href":"https:\/\/agriselect.info\/de\/wp-json\/wp\/v2\/pages"}],"about":[{"href":"https:\/\/agriselect.info\/de\/wp-json\/wp\/v2\/types\/page"}],"author":[{"embeddable":true,"href":"https:\/\/agriselect.info\/de\/wp-json\/wp\/v2\/users\/3"}],"replies":[{"embeddable":true,"href":"https:\/\/agriselect.info\/de\/wp-json\/wp\/v2\/comments?post=15799"}],"version-history":[{"count":5,"href":"https:\/\/agriselect.info\/de\/wp-json\/wp\/v2\/pages\/15799\/revisions"}],"predecessor-version":[{"id":16462,"href":"https:\/\/agriselect.info\/de\/wp-json\/wp\/v2\/pages\/15799\/revisions\/16462"}],"wp:attachment":[{"href":"https:\/\/agriselect.info\/de\/wp-json\/wp\/v2\/media?parent=15799"}],"curies":[{"name":"wp","href":"https:\/\/api.w.org\/{rel}","templated":true}]}}