{"id":15831,"date":"2014-09-03T18:55:49","date_gmt":"2014-09-03T17:55:49","guid":{"rendered":"http:\/\/agriselect.info\/weidehooi-2\/"},"modified":"2014-10-28T14:01:24","modified_gmt":"2014-10-28T13:01:24","slug":"weidehooi","status":"publish","type":"page","link":"https:\/\/agriselect.info\/fr\/weidehooi\/","title":{"rendered":"Weidehooi"},"content":{"rendered":"<div class=\"wpb-content-wrapper\"><p>[vc_row row_type=\u00a0\u00bbrow\u00a0\u00bb type=\u00a0\u00bbfull_width\u00a0\u00bb text_align=\u00a0\u00bbleft\u00a0\u00bb background_color=\u00a0\u00bb#b5e671&Prime;][vc_column width=\u00a0\u00bb1\/1&Prime;][vc_separator type=\u00a0\u00bbnormal\u00a0\u00bb position=\u00a0\u00bbcenter\u00a0\u00bb color=\u00a0\u00bb#b5e671&Prime; thickness=\u00a0\u00bb8pt\u00a0\u00bb][\/vc_column][\/vc_row][vc_row row_type=\u00a0\u00bbrow\u00a0\u00bb type=\u00a0\u00bbgrid\u00a0\u00bb text_align=\u00a0\u00bbleft\u00a0\u00bb padding_top=\u00a0\u00bb50&Prime; padding_bottom=\u00a0\u00bb50&Prime; in_content_menu=\u00a0\u00bbin_content_menu\u00a0\u00bb background_color=\u00a0\u00bb#ffffff\u00a0\u00bb][vc_column width=\u00a0\u00bb1\/3&Prime;][vc_row_inner row_type=\u00a0\u00bbrow\u00a0\u00bb type=\u00a0\u00bbfull_width\u00a0\u00bb text_align=\u00a0\u00bbright\u00a0\u00bb][vc_column_inner width=\u00a0\u00bb1\/1&Prime; el_class=\u00a0\u00bbfotogroen\u00a0\u00bb][vc_single_image image=\u00a0\u00bb15227&Prime; img_link_target=\u00a0\u00bb_self\u00a0\u00bb img_size=\u00a0\u00bb567\u00d7738&Prime; alignment=\u00a0\u00bbcenter\u00a0\u00bb border_color=\u00a0\u00bbgrey\u00a0\u00bb][\/vc_column_inner][\/vc_row_inner][\/vc_column][vc_column width=\u00a0\u00bb2\/3&Prime; el_class=\u00a0\u00bbgroenvlak\u00a0\u00bb][vc_separator type=\u00a0\u00bbtransparent\u00a0\u00bb position=\u00a0\u00bbcenter\u00a0\u00bb up=\u00a0\u00bb50&Prime;][vc_column_text el_class=\u00a0\u00bbkoptekst\u00a0\u00bb]<\/p>\n<div style=\"background-color: #ffffff; padding: 25px; color: #8ec63f; font-size: 35px;\">Agriselect\u00a0Weidehooi<\/div>\n<p>[\/vc_column_text][vc_column_text]<\/p>\n<div style=\"background-color: #8ec63f; padding: 25px 25px 25px 25px; color: #ffffff;\">Le Foin de prairie Agriselect est un aliment compl\u00e9mentaire naturel pour tous vos rongeurs. Celui-ci a \u00e9t\u00e9 sp\u00e9cialement s\u00e9lectionn\u00e9 et r\u00e9colt\u00e9 par nos soins pour vos rongeurs. Le Foin de prairie Agriselect a \u00e9t\u00e9 nettoy\u00e9 et comprend du foin s\u00e9ch\u00e9, parfum\u00e9e et riche. Gr\u00e2ce \u00e0 sa teneur \u00e9lev\u00e9e en fibres, il stimule le syst\u00e8me digestif. Notre produit de qualit\u00e9 est certifi\u00e9 GMP+.<\/div>\n<p>[\/vc_column_text][\/vc_column][\/vc_row][vc_row row_type=\u00a0\u00bbrow\u00a0\u00bb type=\u00a0\u00bbgrid\u00a0\u00bb text_align=\u00a0\u00bbleft\u00a0\u00bb padding_top=\u00a0\u00bb46&Prime; padding_bottom=\u00a0\u00bb49&Prime; background_color=\u00a0\u00bb#f4f4f4&Prime;][vc_column width=\u00a0\u00bb1\/1&Prime;]<div class='qode_carousels_holder clearfix'><div class='qode_carousels' data-number-of-visible-items=''><ul class='slides'><li class='item'><div class=\"carousel_item_holder\"><a itemprop='url' href='http:\/\/basic-white' target='_self'><span class='first_image_holder has_hover_image'><img decoding=\"async\" itemprop=\"image\" src=\"\/wp-content\/uploads\/2014\/09\/inzetjes-basic10.png\" alt=\"carousel image\" title=\"Wood 10 paper bag\"><\/span><span class='second_image_holder has_hover_image'><img decoding=\"async\" itemprop=\"image\" src=\"\/wp-content\/uploads\/2014\/09\/inzetjes-basic10.png\" alt=\"carousel image\" title=\"Wood 10 paper bag\"><\/span><\/a><\/div><\/li><li class='item'><div class=\"carousel_item_holder\"><a itemprop='url' href='http:\/\/maxi-white' target='_self'><span class='first_image_holder has_hover_image'><img decoding=\"async\" itemprop=\"image\" src=\"\/wp-content\/uploads\/2014\/09\/inzetjes-max10.png\" alt=\"carousel image\" title=\"Wood 10 paper bag\"><\/span><span class='second_image_holder has_hover_image'><img decoding=\"async\" itemprop=\"image\" src=\"\/wp-content\/uploads\/2014\/09\/inzetjes-max10.png\" alt=\"carousel image\" title=\"Wood 10 paper bag\"><\/span><\/a><\/div><\/li><li class='item'><div class=\"carousel_item_holder\"><a itemprop='url' href='http:\/\/ultra-white' target='_self'><span class='first_image_holder has_hover_image'><img decoding=\"async\" itemprop=\"image\" src=\"\/wp-content\/uploads\/2014\/09\/inzetjes-ultra10.png\" alt=\"carousel image\" title=\"Wood 10 paper bag\"><\/span><span class='second_image_holder has_hover_image'><img decoding=\"async\" itemprop=\"image\" src=\"\/wp-content\/uploads\/2014\/09\/inzetjes-ultra10.png\" alt=\"carousel image\" title=\"Wood 10 paper bag\"><\/span><\/a><\/div><\/li><li class='item'><div class=\"carousel_item_holder\"><a itemprop='url' href='http:\/\/cat-litte-wood-pellets' target='_self'><span class='first_image_holder has_hover_image'><img decoding=\"async\" itemprop=\"image\" src=\"\/wp-content\/uploads\/2014\/09\/inzetjes-wood10.png\" alt=\"carousel image\" title=\"Wood 10 paper bag\"><\/span><span class='second_image_holder has_hover_image'><img decoding=\"async\" itemprop=\"image\" src=\"\/wp-content\/uploads\/2014\/09\/inzetjes-wood10.png\" alt=\"carousel image\" title=\"Wood 10 paper bag\"><\/span><\/a><\/div><\/li><li class='item'><div class=\"carousel_item_holder\"><a itemprop='url' href='http:\/\/basic-white' target='_self'><span class='first_image_holder has_hover_image'><img decoding=\"async\" itemprop=\"image\" src=\"\/wp-content\/uploads\/2014\/09\/inzetjes-basic20.png\" alt=\"carousel image\" title=\"Wood 10 paper bag\"><\/span><span class='second_image_holder has_hover_image'><img decoding=\"async\" itemprop=\"image\" src=\"\/wp-content\/uploads\/2014\/09\/inzetjes-basic20.png\" alt=\"carousel image\" title=\"Wood 10 paper bag\"><\/span><\/a><\/div><\/li><li class='item'><div class=\"carousel_item_holder\"><a itemprop='url' href='http:\/\/maxi-white' target='_self'><span class='first_image_holder has_hover_image'><img decoding=\"async\" itemprop=\"image\" src=\"\/wp-content\/uploads\/2014\/09\/inzetjes-max20.png\" alt=\"carousel image\" title=\"Wood 10 paper bag\"><\/span><span class='second_image_holder has_hover_image'><img decoding=\"async\" itemprop=\"image\" src=\"\/wp-content\/uploads\/2014\/09\/inzetjes-max20.png\" alt=\"carousel image\" title=\"Wood 10 paper bag\"><\/span><\/a><\/div><\/li><li class='item'><div class=\"carousel_item_holder\"><a itemprop='url' href='http:\/\/ultra-white' target='_self'><span class='first_image_holder has_hover_image'><img decoding=\"async\" itemprop=\"image\" src=\"\/wp-content\/uploads\/2014\/09\/inzetjes-ultra20.png\" alt=\"carousel image\" title=\"Wood 10 paper bag\"><\/span><span class='second_image_holder has_hover_image'><img decoding=\"async\" itemprop=\"image\" src=\"\/wp-content\/uploads\/2014\/09\/inzetjes-ultra20.png\" alt=\"carousel image\" title=\"Wood 10 paper bag\"><\/span><\/a><\/div><\/li><li class='item'><div class=\"carousel_item_holder\"><a itemprop='url' href='http:\/\/wood-pellets' target='_self'><span class='first_image_holder has_hover_image'><img decoding=\"async\" itemprop=\"image\" src=\"https:\/\/agriselect.info\/wp-content\/uploads\/2018\/08\/Virgin-Wood-Carousel-2.png\" alt=\"carousel image\" title=\"Wood 10 paper bag\"><\/span><span class='second_image_holder has_hover_image'><img decoding=\"async\" itemprop=\"image\" src=\"https:\/\/agriselect.info\/wp-content\/uploads\/2018\/08\/Virgin-Wood-Carousel-2.png\" alt=\"carousel image\" title=\"Wood 10 paper bag\"><\/span><\/a><\/div><\/li><li class='item'><div class=\"carousel_item_holder\"><a itemprop='url' href='http:\/\/luxe-konijnenvoer' target='_self'><span class='first_image_holder has_hover_image'><img decoding=\"async\" itemprop=\"image\" src=\"\/wp-content\/uploads\/2014\/09\/inzetjes-konijnenvoer.png\" alt=\"carousel image\" title=\"Wood 10 paper bag\"><\/span><span class='second_image_holder has_hover_image'><img decoding=\"async\" itemprop=\"image\" src=\"\/wp-content\/uploads\/2014\/09\/inzetjes-konijnenvoer.png\" alt=\"carousel image\" title=\"Wood 10 paper bag\"><\/span><\/a><\/div><\/li><li class='item'><div class=\"carousel_item_holder\"><a itemprop='url' href='http:\/\/weidehooi' target='_self'><span class='first_image_holder has_hover_image'><img decoding=\"async\" itemprop=\"image\" src=\"\/wp-content\/uploads\/2014\/09\/inzetjes-weidehooi1kg.png\" alt=\"carousel image\" title=\"Wood 10 paper bag\"><\/span><span class='second_image_holder has_hover_image'><img decoding=\"async\" itemprop=\"image\" src=\"\/wp-content\/uploads\/2014\/09\/inzetjes-weidehooi1kg.png\" alt=\"carousel image\" title=\"Wood 10 paper bag\"><\/span><\/a><\/div><\/li><li class='item'><div class=\"carousel_item_holder\"><a itemprop='url' href='http:\/\/weidehooi' target='_self'><span class='first_image_holder has_hover_image'><img decoding=\"async\" itemprop=\"image\" src=\"\/wp-content\/uploads\/2014\/09\/inzetjes-weidehooi2-5kg.png\" alt=\"carousel image\" title=\"Wood 10 paper bag\"><\/span><span class='second_image_holder has_hover_image'><img decoding=\"async\" itemprop=\"image\" src=\"\/wp-content\/uploads\/2014\/09\/inzetjes-weidehooi2-5kg.png\" alt=\"carousel image\" title=\"Wood 10 paper bag\"><\/span><\/a><\/div><\/li><li class='item'><div class=\"carousel_item_holder\"><a itemprop='url' href='http:\/\/stro' target='_self'><span class='first_image_holder has_hover_image'><img decoding=\"async\" itemprop=\"image\" src=\"\/wp-content\/uploads\/2014\/09\/inzetjes-stro1.png\" alt=\"carousel image\" title=\"Wood 10 paper bag\"><\/span><span class='second_image_holder has_hover_image'><img decoding=\"async\" itemprop=\"image\" src=\"\/wp-content\/uploads\/2014\/09\/inzetjes-stro1.png\" alt=\"carousel image\" title=\"Wood 10 paper bag\"><\/span><\/a><\/div><\/li><li class='item'><div class=\"carousel_item_holder\"><a itemprop='url' href='http:\/\/stro' target='_self'><span class='first_image_holder has_hover_image'><img decoding=\"async\" itemprop=\"image\" src=\"\/wp-content\/uploads\/2014\/09\/inzetjes-stro2-5.png\" alt=\"carousel image\" title=\"Wood 10 paper bag\"><\/span><span class='second_image_holder has_hover_image'><img decoding=\"async\" itemprop=\"image\" src=\"\/wp-content\/uploads\/2014\/09\/inzetjes-stro2-5.png\" alt=\"carousel image\" title=\"Wood 10 paper bag\"><\/span><\/a><\/div><\/li><li class='item'><div class=\"carousel_item_holder\"><a itemprop='url' href='http:\/\/houtvezel' target='_self'><span class='first_image_holder has_hover_image'><img decoding=\"async\" itemprop=\"image\" src=\"\/wp-content\/uploads\/2014\/09\/inzetjes-houtvezel.png\" alt=\"carousel image\" title=\"Wood 10 paper bag\"><\/span><span class='second_image_holder has_hover_image'><img decoding=\"async\" itemprop=\"image\" src=\"\/wp-content\/uploads\/2014\/09\/inzetjes-houtvezel.png\" alt=\"carousel image\" title=\"Wood 10 paper bag\"><\/span><\/a><\/div><\/li><li class='item'><div class=\"carousel_item_holder\"><a itemprop='url' href='http:\/\/schelpenzand' target='_self'><span class='first_image_holder has_hover_image'><img decoding=\"async\" itemprop=\"image\" src=\"https:\/\/agriselect.info\/wp-content\/uploads\/2021\/11\/8718836050480_A1N1-4.png\" alt=\"carousel image\" title=\"Wood 10 paper bag\"><\/span><span class='second_image_holder has_hover_image'><img decoding=\"async\" itemprop=\"image\" src=\"https:\/\/agriselect.info\/wp-content\/uploads\/2021\/11\/8718836050480_A1N1-4.png\" alt=\"carousel image\" title=\"Wood 10 paper bag\"><\/span><\/a><\/div><\/li><li class='item'><div class=\"carousel_item_holder\"><a itemprop='url' href='http:\/\/agriselect.info\/ultra-grey\/' target='_self'><span class='first_image_holder has_hover_image'><img decoding=\"async\" itemprop=\"image\" src=\"\/wp-content\/uploads\/2014\/12\/10lultragrey.png\" alt=\"carousel image\" title=\"Wood 10 paper bag\"><\/span><span class='second_image_holder has_hover_image'><img decoding=\"async\" itemprop=\"image\" src=\"\/wp-content\/uploads\/2014\/12\/10lultragrey.png\" alt=\"carousel image\" title=\"Wood 10 paper bag\"><\/span><\/a><\/div><\/li><li class='item'><div class=\"carousel_item_holder\"><a itemprop='url' href='http:\/\/agriselect.info\/max-grey\/' target='_self'><span class='first_image_holder has_hover_image'><img decoding=\"async\" itemprop=\"image\" src=\"\/wp-content\/uploads\/2014\/12\/10lmaxgrey.png\" alt=\"carousel image\" title=\"Wood 10 paper bag\"><\/span><span class='second_image_holder has_hover_image'><img decoding=\"async\" itemprop=\"image\" src=\"\/wp-content\/uploads\/2014\/12\/10lmaxgrey.png\" alt=\"carousel image\" title=\"Wood 10 paper bag\"><\/span><\/a><\/div><\/li><li class='item'><div class=\"carousel_item_holder\"><a itemprop='url' href='http:\/\/agriselect.info\/basic-grey\/' target='_self'><span class='first_image_holder has_hover_image'><img decoding=\"async\" itemprop=\"image\" src=\"\/wp-content\/uploads\/2014\/12\/10lbasicgrey.png\" alt=\"carousel image\" title=\"Wood 10 paper bag\"><\/span><span class='second_image_holder has_hover_image'><img decoding=\"async\" itemprop=\"image\" src=\"\/wp-content\/uploads\/2014\/12\/10lbasicgrey.png\" alt=\"carousel image\" title=\"Wood 10 paper bag\"><\/span><\/a><\/div><\/li><li class='item'><div class=\"carousel_item_holder\"><a itemprop='url' href='http:\/\/agriselect.info\/white-supreme\/' target='_self'><span class='first_image_holder has_hover_image'><img decoding=\"async\" itemprop=\"image\" src=\"\/wp-content\/uploads\/2014\/12\/10lwhitesupreme.png\" alt=\"carousel image\" title=\"Wood 10 paper bag\"><\/span><span class='second_image_holder has_hover_image'><img decoding=\"async\" itemprop=\"image\" src=\"\/wp-content\/uploads\/2014\/12\/10lwhitesupreme.png\" alt=\"carousel image\" title=\"Wood 10 paper bag\"><\/span><\/a><\/div><\/li><li class='item'><div class=\"carousel_item_holder\"><a itemprop='url' href='http:\/\/agriselect.info\/ultra-grey\/' target='_self'><span class='first_image_holder has_hover_image'><img decoding=\"async\" itemprop=\"image\" src=\"\/wp-content\/uploads\/2014\/12\/20lultragrey.png\" alt=\"carousel image\" title=\"Wood 10 paper bag\"><\/span><span class='second_image_holder has_hover_image'><img decoding=\"async\" itemprop=\"image\" src=\"\/wp-content\/uploads\/2014\/12\/20lultragrey.png\" alt=\"carousel image\" title=\"Wood 10 paper bag\"><\/span><\/a><\/div><\/li><li class='item'><div class=\"carousel_item_holder\"><a itemprop='url' href='http:\/\/agriselect.info\/white-supreme\/' target='_self'><span class='first_image_holder has_hover_image'><img decoding=\"async\" itemprop=\"image\" src=\"\/wp-content\/uploads\/2014\/12\/20lwhitesupreme.png\" alt=\"carousel image\" title=\"Wood 10 paper bag\"><\/span><span class='second_image_holder has_hover_image'><img decoding=\"async\" itemprop=\"image\" src=\"\/wp-content\/uploads\/2014\/12\/20lwhitesupreme.png\" alt=\"carousel image\" title=\"Wood 10 paper bag\"><\/span><\/a><\/div><\/li><li class='item'><div class=\"carousel_item_holder\"><a itemprop='url' href='http:\/\/agriselect.info\/basic-grey\/' target='_self'><span class='first_image_holder has_hover_image'><img decoding=\"async\" itemprop=\"image\" src=\"\/wp-content\/uploads\/2014\/12\/20lbasicgrey.png\" alt=\"carousel image\" title=\"Wood 10 paper bag\"><\/span><span class='second_image_holder has_hover_image'><img decoding=\"async\" itemprop=\"image\" src=\"\/wp-content\/uploads\/2014\/12\/20lbasicgrey.png\" alt=\"carousel image\" title=\"Wood 10 paper bag\"><\/span><\/a><\/div><\/li><li class='item'><div class=\"carousel_item_holder\"><a itemprop='url' href='http:\/\/agriselect.info\/max-grey\/' target='_self'><span class='first_image_holder has_hover_image'><img decoding=\"async\" itemprop=\"image\" src=\"\/wp-content\/uploads\/2014\/12\/20lmaxgrey.png\" alt=\"carousel image\" title=\"Wood 10 paper bag\"><\/span><span class='second_image_holder has_hover_image'><img decoding=\"async\" itemprop=\"image\" src=\"\/wp-content\/uploads\/2014\/12\/20lmaxgrey.png\" alt=\"carousel image\" title=\"Wood 10 paper bag\"><\/span><\/a><\/div><\/li><li class='item'><div class=\"carousel_item_holder\"><a itemprop='url' href='http:\/\/wood-pellets' target='_self'><span class='first_image_holder has_hover_image'><img decoding=\"async\" itemprop=\"image\" src=\"https:\/\/agriselect.info\/wp-content\/uploads\/2018\/08\/Mixed-Wood-Carousel-2.png\" alt=\"carousel image\" title=\"Wood 10 paper bag\"><\/span><span class='second_image_holder has_hover_image'><img decoding=\"async\" itemprop=\"image\" src=\"https:\/\/agriselect.info\/wp-content\/uploads\/2018\/08\/Mixed-Wood-Carousel-2.png\" alt=\"carousel image\" title=\"Wood 10 paper bag\"><\/span><\/a><\/div><\/li><li class='item'><div class=\"carousel_item_holder\"><a itemprop='url' href='http:\/\/wood-pellets' target='_self'><span class='first_image_holder has_hover_image'><img decoding=\"async\" itemprop=\"image\" src=\"https:\/\/agriselect.info\/wp-content\/uploads\/2021\/04\/Woodpellets-10kg-Transparant-klein-3.png\" alt=\"carousel image\" title=\"Wood 10 paper bag\"><\/span><span class='second_image_holder has_hover_image'><img decoding=\"async\" itemprop=\"image\" src=\"https:\/\/agriselect.info\/wp-content\/uploads\/2021\/04\/Woodpellets-10kg-Transparant-klein-3.png\" alt=\"carousel image\" title=\"Wood 10 paper bag\"><\/span><\/a><\/div><\/li><\/ul><\/div><\/div>[\/vc_column][\/vc_row]<\/p>\n<\/div>","protected":false},"excerpt":{"rendered":"<p>[vc_row row_type=\u00a0\u00bbrow\u00a0\u00bb type=\u00a0\u00bbfull_width\u00a0\u00bb text_align=\u00a0\u00bbleft\u00a0\u00bb background_color=\u00a0\u00bb#b5e671&Prime;][vc_column width=\u00a0\u00bb1\/1&Prime;][vc_separator type=\u00a0\u00bbnormal\u00a0\u00bb position=\u00a0\u00bbcenter\u00a0\u00bb color=\u00a0\u00bb#b5e671&Prime; thickness=\u00a0\u00bb8pt\u00a0\u00bb][\/vc_column][\/vc_row][vc_row row_type=\u00a0\u00bbrow\u00a0\u00bb type=\u00a0\u00bbgrid\u00a0\u00bb text_align=\u00a0\u00bbleft\u00a0\u00bb padding_top=\u00a0\u00bb50&Prime; padding_bottom=\u00a0\u00bb50&Prime; in_content_menu=\u00a0\u00bbin_content_menu\u00a0\u00bb background_color=\u00a0\u00bb#ffffff\u00a0\u00bb][vc_column width=\u00a0\u00bb1\/3&Prime;][vc_row_inner row_type=\u00a0\u00bbrow\u00a0\u00bb type=\u00a0\u00bbfull_width\u00a0\u00bb text_align=\u00a0\u00bbright\u00a0\u00bb][vc_column_inner width=\u00a0\u00bb1\/1&Prime; el_class=\u00a0\u00bbfotogroen\u00a0\u00bb][vc_single_image image=\u00a0\u00bb15227&Prime; img_link_target=\u00a0\u00bb_self\u00a0\u00bb img_size=\u00a0\u00bb567\u00d7738&Prime; alignment=\u00a0\u00bbcenter\u00a0\u00bb border_color=\u00a0\u00bbgrey\u00a0\u00bb][\/vc_column_inner][\/vc_row_inner][\/vc_column][vc_column width=\u00a0\u00bb2\/3&Prime; el_class=\u00a0\u00bbgroenvlak\u00a0\u00bb][vc_separator type=\u00a0\u00bbtransparent\u00a0\u00bb position=\u00a0\u00bbcenter\u00a0\u00bb up=\u00a0\u00bb50&Prime;][vc_column_text el_class=\u00a0\u00bbkoptekst\u00a0\u00bb] Agriselect\u00a0Weidehooi [\/vc_column_text][vc_column_text] Le Foin de prairie Agriselect est un aliment compl\u00e9mentaire&#8230;<\/p>\n","protected":false},"author":3,"featured_media":0,"parent":0,"menu_order":0,"comment_status":"open","ping_status":"open","template":"full_width.php","meta":{"footnotes":""},"class_list":["post-15831","page","type-page","status-publish","hentry"],"_links":{"self":[{"href":"https:\/\/agriselect.info\/fr\/wp-json\/wp\/v2\/pages\/15831","targetHints":{"allow":["GET"]}}],"collection":[{"href":"https:\/\/agriselect.info\/fr\/wp-json\/wp\/v2\/pages"}],"about":[{"href":"https:\/\/agriselect.info\/fr\/wp-json\/wp\/v2\/types\/page"}],"author":[{"embeddable":true,"href":"https:\/\/agriselect.info\/fr\/wp-json\/wp\/v2\/users\/3"}],"replies":[{"embeddable":true,"href":"https:\/\/agriselect.info\/fr\/wp-json\/wp\/v2\/comments?post=15831"}],"version-history":[{"count":8,"href":"https:\/\/agriselect.info\/fr\/wp-json\/wp\/v2\/pages\/15831\/revisions"}],"predecessor-version":[{"id":16388,"href":"https:\/\/agriselect.info\/fr\/wp-json\/wp\/v2\/pages\/15831\/revisions\/16388"}],"wp:attachment":[{"href":"https:\/\/agriselect.info\/fr\/wp-json\/wp\/v2\/media?parent=15831"}],"curies":[{"name":"wp","href":"https:\/\/api.w.org\/{rel}","templated":true}]}}