{"id":15781,"date":"2014-09-04T08:57:50","date_gmt":"2014-09-04T07:57:50","guid":{"rendered":"http:\/\/agriselect.info\/maxi-white-2\/"},"modified":"2014-10-28T15:17:46","modified_gmt":"2014-10-28T14:17:46","slug":"maxi-white","status":"publish","type":"page","link":"https:\/\/agriselect.info\/it\/maxi-white\/","title":{"rendered":"Maxi White"},"content":{"rendered":"<div class=\"wpb-content-wrapper\"><p>[vc_row row_type=&#8221;row&#8221; type=&#8221;full_width&#8221; text_align=&#8221;left&#8221; background_color=&#8221;#b5e671&#8243;][vc_column width=&#8221;1\/1&#8243;][vc_separator type=&#8221;normal&#8221; position=&#8221;center&#8221; color=&#8221;#b5e671&#8243;][\/vc_column][\/vc_row][vc_row row_type=&#8221;row&#8221; type=&#8221;grid&#8221; text_align=&#8221;left&#8221; padding_top=&#8221;50&#8243; padding_bottom=&#8221;50&#8243; in_content_menu=&#8221;in_content_menu&#8221; background_color=&#8221;#ffffff&#8221;][vc_column width=&#8221;1\/3&#8243;][vc_row_inner row_type=&#8221;row&#8221; type=&#8221;full_width&#8221; text_align=&#8221;right&#8221;][vc_column_inner width=&#8221;1\/1&#8243; el_class=&#8221;fotogroen&#8221;][vc_single_image image=&#8221;15189&#8243; border_color=&#8221;grey&#8221; img_link_target=&#8221;_self&#8221; img_size=&#8221;567&#215;757&#8243;][\/vc_column_inner][\/vc_row_inner][\/vc_column][vc_column width=&#8221;2\/3&#8243; el_class=&#8221;groenvlak&#8221;][vc_separator type=&#8221;transparent&#8221; position=&#8221;center&#8221; up=&#8221;20&#8243;][vc_column_text el_class=&#8221;koptekst&#8221;]<\/p>\n<div style=\"background-color: #ffffff; padding: 25px; color: #8ec63f; font-size: 35px;\">Agriselect Cat Litter Maxi White<\/div>\n<p>[\/vc_column_text][vc_column_text]<\/p>\n<div style=\"background-color: #8ec63f; padding: 25px 25px 25px 25px; color: #ffffff;\">Agriselect Cat Litter Maxi White \u00e8 un prodotto composto al 100% di bentonite bianca. Questa \u00e8 una materia prima minerale. La bentonite bianca \u00e8 un tipo di argilla conosciuta per la sua alta capacit\u00e0 di assorbimento. Questa lettiera \u00e8 stata selezionata ed essiccata specialmente per voi per soddisfare le vostre esigenze. La nostra bentonite bianca \u00e8 extra secca, quindi non c\u2019\u00e8 bisogno di cambiare la lettiera troppo spesso.<br \/>\nQuesto prodotto creer\u00e0 grumi a contatto con l&#8217;umidit\u00e0, se eliminate regolarmente questi grumi, la vostra lettiera durer\u00e0 di pi\u00f9. Il nostro prodotto elimina anche tutti gli odori sgradevoli. Agriselect Cat Litter Maxi White soddisfa tutte le esigenze per l&#8217;igiene ecologica del vostro gatto e pu\u00f2 essere facilmente gettata nei rifiuti domestici.<\/div>\n<p>[\/vc_column_text][\/vc_column][\/vc_row][vc_row row_type=&#8221;row&#8221; type=&#8221;grid&#8221; text_align=&#8221;left&#8221; padding_top=&#8221;46&#8243; padding_bottom=&#8221;49&#8243; background_color=&#8221;#f4f4f4&#8243;][vc_column width=&#8221;1\/1&#8243;]<div class='qode_carousels_holder clearfix'><div class='qode_carousels' data-number-of-visible-items=''><ul class='slides'><li class='item'><div class=\"carousel_item_holder\"><a itemprop='url' href='http:\/\/basic-white' target='_self'><span class='first_image_holder has_hover_image'><img decoding=\"async\" itemprop=\"image\" src=\"\/wp-content\/uploads\/2014\/09\/inzetjes-basic10.png\" alt=\"carousel image\" title=\"Wood 10 paper bag\"><\/span><span class='second_image_holder has_hover_image'><img decoding=\"async\" itemprop=\"image\" src=\"\/wp-content\/uploads\/2014\/09\/inzetjes-basic10.png\" alt=\"carousel image\" title=\"Wood 10 paper bag\"><\/span><\/a><\/div><\/li><li class='item'><div class=\"carousel_item_holder\"><a itemprop='url' href='http:\/\/maxi-white' target='_self'><span class='first_image_holder has_hover_image'><img decoding=\"async\" itemprop=\"image\" src=\"\/wp-content\/uploads\/2014\/09\/inzetjes-max10.png\" alt=\"carousel image\" title=\"Wood 10 paper bag\"><\/span><span class='second_image_holder has_hover_image'><img decoding=\"async\" itemprop=\"image\" src=\"\/wp-content\/uploads\/2014\/09\/inzetjes-max10.png\" alt=\"carousel image\" title=\"Wood 10 paper bag\"><\/span><\/a><\/div><\/li><li class='item'><div class=\"carousel_item_holder\"><a itemprop='url' href='http:\/\/ultra-white' target='_self'><span class='first_image_holder has_hover_image'><img decoding=\"async\" itemprop=\"image\" src=\"\/wp-content\/uploads\/2014\/09\/inzetjes-ultra10.png\" alt=\"carousel image\" title=\"Wood 10 paper bag\"><\/span><span class='second_image_holder has_hover_image'><img decoding=\"async\" itemprop=\"image\" src=\"\/wp-content\/uploads\/2014\/09\/inzetjes-ultra10.png\" alt=\"carousel image\" title=\"Wood 10 paper bag\"><\/span><\/a><\/div><\/li><li class='item'><div class=\"carousel_item_holder\"><a itemprop='url' href='http:\/\/cat-litte-wood-pellets' target='_self'><span class='first_image_holder has_hover_image'><img decoding=\"async\" itemprop=\"image\" src=\"\/wp-content\/uploads\/2014\/09\/inzetjes-wood10.png\" alt=\"carousel image\" title=\"Wood 10 paper bag\"><\/span><span class='second_image_holder has_hover_image'><img decoding=\"async\" itemprop=\"image\" src=\"\/wp-content\/uploads\/2014\/09\/inzetjes-wood10.png\" alt=\"carousel image\" title=\"Wood 10 paper bag\"><\/span><\/a><\/div><\/li><li class='item'><div class=\"carousel_item_holder\"><a itemprop='url' href='http:\/\/basic-white' target='_self'><span class='first_image_holder has_hover_image'><img decoding=\"async\" itemprop=\"image\" src=\"\/wp-content\/uploads\/2014\/09\/inzetjes-basic20.png\" alt=\"carousel image\" title=\"Wood 10 paper bag\"><\/span><span class='second_image_holder has_hover_image'><img decoding=\"async\" itemprop=\"image\" src=\"\/wp-content\/uploads\/2014\/09\/inzetjes-basic20.png\" alt=\"carousel image\" title=\"Wood 10 paper bag\"><\/span><\/a><\/div><\/li><li class='item'><div class=\"carousel_item_holder\"><a itemprop='url' href='http:\/\/maxi-white' target='_self'><span class='first_image_holder has_hover_image'><img decoding=\"async\" itemprop=\"image\" src=\"\/wp-content\/uploads\/2014\/09\/inzetjes-max20.png\" alt=\"carousel image\" title=\"Wood 10 paper bag\"><\/span><span class='second_image_holder has_hover_image'><img decoding=\"async\" itemprop=\"image\" src=\"\/wp-content\/uploads\/2014\/09\/inzetjes-max20.png\" alt=\"carousel image\" title=\"Wood 10 paper bag\"><\/span><\/a><\/div><\/li><li class='item'><div class=\"carousel_item_holder\"><a itemprop='url' href='http:\/\/ultra-white' target='_self'><span class='first_image_holder has_hover_image'><img decoding=\"async\" itemprop=\"image\" src=\"\/wp-content\/uploads\/2014\/09\/inzetjes-ultra20.png\" alt=\"carousel image\" title=\"Wood 10 paper bag\"><\/span><span class='second_image_holder has_hover_image'><img decoding=\"async\" itemprop=\"image\" src=\"\/wp-content\/uploads\/2014\/09\/inzetjes-ultra20.png\" alt=\"carousel image\" title=\"Wood 10 paper bag\"><\/span><\/a><\/div><\/li><li class='item'><div class=\"carousel_item_holder\"><a itemprop='url' href='http:\/\/wood-pellets' target='_self'><span class='first_image_holder has_hover_image'><img decoding=\"async\" itemprop=\"image\" src=\"https:\/\/agriselect.info\/wp-content\/uploads\/2018\/08\/Virgin-Wood-Carousel-2.png\" alt=\"carousel image\" title=\"Wood 10 paper bag\"><\/span><span class='second_image_holder has_hover_image'><img decoding=\"async\" itemprop=\"image\" src=\"https:\/\/agriselect.info\/wp-content\/uploads\/2018\/08\/Virgin-Wood-Carousel-2.png\" alt=\"carousel image\" title=\"Wood 10 paper bag\"><\/span><\/a><\/div><\/li><li class='item'><div class=\"carousel_item_holder\"><a itemprop='url' href='http:\/\/luxe-konijnenvoer' target='_self'><span class='first_image_holder has_hover_image'><img decoding=\"async\" itemprop=\"image\" src=\"\/wp-content\/uploads\/2014\/09\/inzetjes-konijnenvoer.png\" alt=\"carousel image\" title=\"Wood 10 paper bag\"><\/span><span class='second_image_holder has_hover_image'><img decoding=\"async\" itemprop=\"image\" src=\"\/wp-content\/uploads\/2014\/09\/inzetjes-konijnenvoer.png\" alt=\"carousel image\" title=\"Wood 10 paper bag\"><\/span><\/a><\/div><\/li><li class='item'><div class=\"carousel_item_holder\"><a itemprop='url' href='http:\/\/weidehooi' target='_self'><span class='first_image_holder has_hover_image'><img decoding=\"async\" itemprop=\"image\" src=\"\/wp-content\/uploads\/2014\/09\/inzetjes-weidehooi1kg.png\" alt=\"carousel image\" title=\"Wood 10 paper bag\"><\/span><span class='second_image_holder has_hover_image'><img decoding=\"async\" itemprop=\"image\" src=\"\/wp-content\/uploads\/2014\/09\/inzetjes-weidehooi1kg.png\" alt=\"carousel image\" title=\"Wood 10 paper bag\"><\/span><\/a><\/div><\/li><li class='item'><div class=\"carousel_item_holder\"><a itemprop='url' href='http:\/\/weidehooi' target='_self'><span class='first_image_holder has_hover_image'><img decoding=\"async\" itemprop=\"image\" src=\"\/wp-content\/uploads\/2014\/09\/inzetjes-weidehooi2-5kg.png\" alt=\"carousel image\" title=\"Wood 10 paper bag\"><\/span><span class='second_image_holder has_hover_image'><img decoding=\"async\" itemprop=\"image\" src=\"\/wp-content\/uploads\/2014\/09\/inzetjes-weidehooi2-5kg.png\" alt=\"carousel image\" title=\"Wood 10 paper bag\"><\/span><\/a><\/div><\/li><li class='item'><div class=\"carousel_item_holder\"><a itemprop='url' href='http:\/\/stro' target='_self'><span class='first_image_holder has_hover_image'><img decoding=\"async\" itemprop=\"image\" src=\"\/wp-content\/uploads\/2014\/09\/inzetjes-stro1.png\" alt=\"carousel image\" title=\"Wood 10 paper bag\"><\/span><span class='second_image_holder has_hover_image'><img decoding=\"async\" itemprop=\"image\" src=\"\/wp-content\/uploads\/2014\/09\/inzetjes-stro1.png\" alt=\"carousel image\" title=\"Wood 10 paper bag\"><\/span><\/a><\/div><\/li><li class='item'><div class=\"carousel_item_holder\"><a itemprop='url' href='http:\/\/stro' target='_self'><span class='first_image_holder has_hover_image'><img decoding=\"async\" itemprop=\"image\" src=\"\/wp-content\/uploads\/2014\/09\/inzetjes-stro2-5.png\" alt=\"carousel image\" title=\"Wood 10 paper bag\"><\/span><span class='second_image_holder has_hover_image'><img decoding=\"async\" itemprop=\"image\" src=\"\/wp-content\/uploads\/2014\/09\/inzetjes-stro2-5.png\" alt=\"carousel image\" title=\"Wood 10 paper bag\"><\/span><\/a><\/div><\/li><li class='item'><div class=\"carousel_item_holder\"><a itemprop='url' href='http:\/\/houtvezel' target='_self'><span class='first_image_holder has_hover_image'><img decoding=\"async\" itemprop=\"image\" src=\"\/wp-content\/uploads\/2014\/09\/inzetjes-houtvezel.png\" alt=\"carousel image\" title=\"Wood 10 paper bag\"><\/span><span class='second_image_holder has_hover_image'><img decoding=\"async\" itemprop=\"image\" src=\"\/wp-content\/uploads\/2014\/09\/inzetjes-houtvezel.png\" alt=\"carousel image\" title=\"Wood 10 paper bag\"><\/span><\/a><\/div><\/li><li class='item'><div class=\"carousel_item_holder\"><a itemprop='url' href='http:\/\/schelpenzand' target='_self'><span class='first_image_holder has_hover_image'><img decoding=\"async\" itemprop=\"image\" src=\"https:\/\/agriselect.info\/wp-content\/uploads\/2021\/11\/8718836050480_A1N1-4.png\" alt=\"carousel image\" title=\"Wood 10 paper bag\"><\/span><span class='second_image_holder has_hover_image'><img decoding=\"async\" itemprop=\"image\" src=\"https:\/\/agriselect.info\/wp-content\/uploads\/2021\/11\/8718836050480_A1N1-4.png\" alt=\"carousel image\" title=\"Wood 10 paper bag\"><\/span><\/a><\/div><\/li><li class='item'><div class=\"carousel_item_holder\"><a itemprop='url' href='http:\/\/agriselect.info\/ultra-grey\/' target='_self'><span class='first_image_holder has_hover_image'><img decoding=\"async\" itemprop=\"image\" src=\"\/wp-content\/uploads\/2014\/12\/10lultragrey.png\" alt=\"carousel image\" title=\"Wood 10 paper bag\"><\/span><span class='second_image_holder has_hover_image'><img decoding=\"async\" itemprop=\"image\" src=\"\/wp-content\/uploads\/2014\/12\/10lultragrey.png\" alt=\"carousel image\" title=\"Wood 10 paper bag\"><\/span><\/a><\/div><\/li><li class='item'><div class=\"carousel_item_holder\"><a itemprop='url' href='http:\/\/agriselect.info\/max-grey\/' target='_self'><span class='first_image_holder has_hover_image'><img decoding=\"async\" itemprop=\"image\" src=\"\/wp-content\/uploads\/2014\/12\/10lmaxgrey.png\" alt=\"carousel image\" title=\"Wood 10 paper bag\"><\/span><span class='second_image_holder has_hover_image'><img decoding=\"async\" itemprop=\"image\" src=\"\/wp-content\/uploads\/2014\/12\/10lmaxgrey.png\" alt=\"carousel image\" title=\"Wood 10 paper bag\"><\/span><\/a><\/div><\/li><li class='item'><div class=\"carousel_item_holder\"><a itemprop='url' href='http:\/\/agriselect.info\/basic-grey\/' target='_self'><span class='first_image_holder has_hover_image'><img decoding=\"async\" itemprop=\"image\" src=\"\/wp-content\/uploads\/2014\/12\/10lbasicgrey.png\" alt=\"carousel image\" title=\"Wood 10 paper bag\"><\/span><span class='second_image_holder has_hover_image'><img decoding=\"async\" itemprop=\"image\" src=\"\/wp-content\/uploads\/2014\/12\/10lbasicgrey.png\" alt=\"carousel image\" title=\"Wood 10 paper bag\"><\/span><\/a><\/div><\/li><li class='item'><div class=\"carousel_item_holder\"><a itemprop='url' href='http:\/\/agriselect.info\/white-supreme\/' target='_self'><span class='first_image_holder has_hover_image'><img decoding=\"async\" itemprop=\"image\" src=\"\/wp-content\/uploads\/2014\/12\/10lwhitesupreme.png\" alt=\"carousel image\" title=\"Wood 10 paper bag\"><\/span><span class='second_image_holder has_hover_image'><img decoding=\"async\" itemprop=\"image\" src=\"\/wp-content\/uploads\/2014\/12\/10lwhitesupreme.png\" alt=\"carousel image\" title=\"Wood 10 paper bag\"><\/span><\/a><\/div><\/li><li class='item'><div class=\"carousel_item_holder\"><a itemprop='url' href='http:\/\/agriselect.info\/ultra-grey\/' target='_self'><span class='first_image_holder has_hover_image'><img decoding=\"async\" itemprop=\"image\" src=\"\/wp-content\/uploads\/2014\/12\/20lultragrey.png\" alt=\"carousel image\" title=\"Wood 10 paper bag\"><\/span><span class='second_image_holder has_hover_image'><img decoding=\"async\" itemprop=\"image\" src=\"\/wp-content\/uploads\/2014\/12\/20lultragrey.png\" alt=\"carousel image\" title=\"Wood 10 paper bag\"><\/span><\/a><\/div><\/li><li class='item'><div class=\"carousel_item_holder\"><a itemprop='url' href='http:\/\/agriselect.info\/white-supreme\/' target='_self'><span class='first_image_holder has_hover_image'><img decoding=\"async\" itemprop=\"image\" src=\"\/wp-content\/uploads\/2014\/12\/20lwhitesupreme.png\" alt=\"carousel image\" title=\"Wood 10 paper bag\"><\/span><span class='second_image_holder has_hover_image'><img decoding=\"async\" itemprop=\"image\" src=\"\/wp-content\/uploads\/2014\/12\/20lwhitesupreme.png\" alt=\"carousel image\" title=\"Wood 10 paper bag\"><\/span><\/a><\/div><\/li><li class='item'><div class=\"carousel_item_holder\"><a itemprop='url' href='http:\/\/agriselect.info\/basic-grey\/' target='_self'><span class='first_image_holder has_hover_image'><img decoding=\"async\" itemprop=\"image\" src=\"\/wp-content\/uploads\/2014\/12\/20lbasicgrey.png\" alt=\"carousel image\" title=\"Wood 10 paper bag\"><\/span><span class='second_image_holder has_hover_image'><img decoding=\"async\" itemprop=\"image\" src=\"\/wp-content\/uploads\/2014\/12\/20lbasicgrey.png\" alt=\"carousel image\" title=\"Wood 10 paper bag\"><\/span><\/a><\/div><\/li><li class='item'><div class=\"carousel_item_holder\"><a itemprop='url' href='http:\/\/agriselect.info\/max-grey\/' target='_self'><span class='first_image_holder has_hover_image'><img decoding=\"async\" itemprop=\"image\" src=\"\/wp-content\/uploads\/2014\/12\/20lmaxgrey.png\" alt=\"carousel image\" title=\"Wood 10 paper bag\"><\/span><span class='second_image_holder has_hover_image'><img decoding=\"async\" itemprop=\"image\" src=\"\/wp-content\/uploads\/2014\/12\/20lmaxgrey.png\" alt=\"carousel image\" title=\"Wood 10 paper bag\"><\/span><\/a><\/div><\/li><li class='item'><div class=\"carousel_item_holder\"><a itemprop='url' href='http:\/\/wood-pellets' target='_self'><span class='first_image_holder has_hover_image'><img decoding=\"async\" itemprop=\"image\" src=\"https:\/\/agriselect.info\/wp-content\/uploads\/2018\/08\/Mixed-Wood-Carousel-2.png\" alt=\"carousel image\" title=\"Wood 10 paper bag\"><\/span><span class='second_image_holder has_hover_image'><img decoding=\"async\" itemprop=\"image\" src=\"https:\/\/agriselect.info\/wp-content\/uploads\/2018\/08\/Mixed-Wood-Carousel-2.png\" alt=\"carousel image\" title=\"Wood 10 paper bag\"><\/span><\/a><\/div><\/li><li class='item'><div class=\"carousel_item_holder\"><a itemprop='url' href='http:\/\/wood-pellets' target='_self'><span class='first_image_holder has_hover_image'><img decoding=\"async\" itemprop=\"image\" src=\"https:\/\/agriselect.info\/wp-content\/uploads\/2021\/04\/Woodpellets-10kg-Transparant-klein-3.png\" alt=\"carousel image\" title=\"Wood 10 paper bag\"><\/span><span class='second_image_holder has_hover_image'><img decoding=\"async\" itemprop=\"image\" src=\"https:\/\/agriselect.info\/wp-content\/uploads\/2021\/04\/Woodpellets-10kg-Transparant-klein-3.png\" alt=\"carousel image\" title=\"Wood 10 paper bag\"><\/span><\/a><\/div><\/li><\/ul><\/div><\/div>[\/vc_column][\/vc_row]<\/p>\n<\/div>","protected":false},"excerpt":{"rendered":"<p>[vc_row row_type=&#8221;row&#8221; type=&#8221;full_width&#8221; text_align=&#8221;left&#8221; background_color=&#8221;#b5e671&#8243;][vc_column width=&#8221;1\/1&#8243;][vc_separator type=&#8221;normal&#8221; position=&#8221;center&#8221; color=&#8221;#b5e671&#8243;][\/vc_column][\/vc_row][vc_row row_type=&#8221;row&#8221; type=&#8221;grid&#8221; text_align=&#8221;left&#8221; padding_top=&#8221;50&#8243; padding_bottom=&#8221;50&#8243; in_content_menu=&#8221;in_content_menu&#8221; background_color=&#8221;#ffffff&#8221;][vc_column width=&#8221;1\/3&#8243;][vc_row_inner row_type=&#8221;row&#8221; type=&#8221;full_width&#8221; text_align=&#8221;right&#8221;][vc_column_inner width=&#8221;1\/1&#8243; el_class=&#8221;fotogroen&#8221;][vc_single_image image=&#8221;15189&#8243; border_color=&#8221;grey&#8221; img_link_target=&#8221;_self&#8221; img_size=&#8221;567&#215;757&#8243;][\/vc_column_inner][\/vc_row_inner][\/vc_column][vc_column width=&#8221;2\/3&#8243; el_class=&#8221;groenvlak&#8221;][vc_separator type=&#8221;transparent&#8221; position=&#8221;center&#8221; up=&#8221;20&#8243;][vc_column_text el_class=&#8221;koptekst&#8221;] Agriselect Cat Litter Maxi White [\/vc_column_text][vc_column_text] Agriselect Cat Litter Maxi White \u00e8 un&#8230;<\/p>\n","protected":false},"author":3,"featured_media":0,"parent":0,"menu_order":0,"comment_status":"open","ping_status":"closed","template":"full_width.php","meta":{"footnotes":""},"class_list":["post-15781","page","type-page","status-publish","hentry"],"_links":{"self":[{"href":"https:\/\/agriselect.info\/it\/wp-json\/wp\/v2\/pages\/15781","targetHints":{"allow":["GET"]}}],"collection":[{"href":"https:\/\/agriselect.info\/it\/wp-json\/wp\/v2\/pages"}],"about":[{"href":"https:\/\/agriselect.info\/it\/wp-json\/wp\/v2\/types\/page"}],"author":[{"embeddable":true,"href":"https:\/\/agriselect.info\/it\/wp-json\/wp\/v2\/users\/3"}],"replies":[{"embeddable":true,"href":"https:\/\/agriselect.info\/it\/wp-json\/wp\/v2\/comments?post=15781"}],"version-history":[{"count":4,"href":"https:\/\/agriselect.info\/it\/wp-json\/wp\/v2\/pages\/15781\/revisions"}],"predecessor-version":[{"id":16427,"href":"https:\/\/agriselect.info\/it\/wp-json\/wp\/v2\/pages\/15781\/revisions\/16427"}],"wp:attachment":[{"href":"https:\/\/agriselect.info\/it\/wp-json\/wp\/v2\/media?parent=15781"}],"curies":[{"name":"wp","href":"https:\/\/api.w.org\/{rel}","templated":true}]}}